{"id":1189,"date":"2019-09-11T13:17:06","date_gmt":"2019-09-11T10:17:06","guid":{"rendered":"http:\/\/www.keski-suomenajokoirayhdistys.org\/?page_id=1189"},"modified":"2022-02-20T17:41:58","modified_gmt":"2022-02-20T14:41:58","slug":"piirinmestaruuskokeen-ja-lohkokarsintojen-jarjestamisohjeet","status":"publish","type":"page","link":"https:\/\/www.keski-suomenajokoirayhdistys.org\/?page_id=1189","title":{"rendered":"PIIRINMESTARUUSKOKEEN JA LOHKOKARSINTOJEN J\u00c4RJEST\u00c4MISOHJEET"},"content":{"rendered":"\n<h2 class=\"wp-block-heading\"><\/h2>\n\n\n\n<p><strong>KESKI-SUOMEN KENNELPIIRI<\/strong><\/p>\n\n\n\n<p>HYV\u00c4KSYTTY KESKI-SUOMEN KENNELPIIRIN HALLITUKSESSA 25.01.2022 VOIMASSA 1.9.2022 ALKAEN<\/p>\n\n\n\n<p><strong>AJOKOKEIDEN PIIRINMESTARUUSKOKEEN JA LOHKOKARSINTOJEN J\u00c4RJEST\u00c4MISOHJEET<\/strong><\/p>\n\n\n\n<p><strong>1 \u00a7 Lohkojako<\/strong><\/p>\n\n\n\n<p>Etel\u00e4nlohko: J\u00e4ms\u00e4, Keuruu, Luhanka, Joutsa, Hankasalmi, Jyv\u00e4skyl\u00e4, Leivonm\u00e4ki, Muurame, Toivakka, Uurainen, Pet\u00e4j\u00e4vesi ja Multia<\/p>\n\n\n\n<p>\u00c4\u00e4nekosken lohko: Konnevesi, Saarij\u00e4rvi, \u00c4\u00e4nekoski ja Laukaa.<\/p>\n\n\n\n<p>Pohjoisen lohko: Kannonkoski, Karstula, Kinnula, Kivij\u00e4rvi, Kyyj\u00e4rvi, Pihtipudas ja Viitasaari<\/p>\n\n\n\n<p><strong>2 \u00a7 Ilmoittautuminen<\/strong><\/p>\n\n\n\n<p>Lohkokarsintakokeeseen ilmoittaudutaan viimeist\u00e4\u00e4n koetta edelt\u00e4v\u00e4n\u00e4 maanantaina klo 21.00 menness\u00e4. Ilmoittautuminen lohkokarsintoihin ja PM \u2013 kokeeseen suoritetaan ajokoirajaoston nime\u00e4mille henkil\u00f6ille. Ilmoittautumisen yhteydess\u00e4 on ilmoitettava kaksi palkintotuomaria, joista v\u00e4hint\u00e4\u00e4n toisen on oltava ryhm\u00e4tuomarikelpoinen.<\/p>\n\n\n\n<p><strong>3 \u00a7 Karsintakokeen j\u00e4rjest\u00e4minen<\/strong><\/p>\n\n\n\n<p>Lohkokarsinnat pidet\u00e4\u00e4n ennen Piirinmestaruuskokeita. Karsintakoe pidet\u00e4\u00e4n yksip\u00e4iv\u00e4isen\u00e4 kokeena ja karsintakokeet j\u00e4rjestet\u00e4\u00e4n koko piirin alueella samana viikonloppuna. Maasto- ym. asiat huomioon ottaen lohkot voivat j\u00e4rjest\u00e4\u00e4 kokeet eri p\u00e4ivin\u00e4. Karsintakokeet j\u00e4rjestet\u00e4\u00e4n aina kolmessa lohkossa, jos osallistuvien koirien lukum\u00e4\u00e4r\u00e4 lohkossaan t\u00e4ytt\u00e4\u00e4 SKL:n koes\u00e4\u00e4nt\u00f6jen m\u00e4\u00e4r\u00e4n. Ellei koiram\u00e4\u00e4r\u00e4 t\u00e4yt\u00e4 ajokoes\u00e4\u00e4nt\u00f6jen v\u00e4himm\u00e4ism\u00e4\u00e4r\u00e4\u00e4, voi kennelpiirin ajokoirajaosto sijoittaa koirat eri lohkoihin. Karsintakokeeseen saavat osallistua ne Keski-Suomen Kennelpiirin alueella sijoittuneena olevat suomenajokoirat, jotka ovat saavuttaneet SKL:n hyv\u00e4ksym\u00e4ss\u00e4 n\u00e4yttelyss\u00e4 v\u00e4hint\u00e4\u00e4n laatuarvostelun hyv\u00e4 t\u00e4ytetty\u00e4\u00e4n 15 kk.<\/p>\n\n\n\n<p>Yksiluokkaisissa kokeissa tulee kaikkien koirien olla saavuttanut v\u00e4hint\u00e4\u00e4n yksi koemuodon korkein palkintosija ennen piirinmestaruuskilpailun (karsinnan) viimeist\u00e4 ilmoittautumisp\u00e4iv\u00e4\u00e4.<\/p>\n\n\n\n<p><strong>OSALLISTUMISOIKEUS<\/strong><\/p>\n\n\n\n<p>Osallistujan on oltava Kennelliiton tai kennelpiirin j\u00e4senyhdistyksen j\u00e4sen. Piirinmestaruudesta saa kilpailla jokainen ilmoittautumishetkell\u00e4 (viimeinen ilmoittautumisp\u00e4iv\u00e4) piirin alueella vakinaisesti asuva koiran omistaja tai piirin alueella vakinaisesti asuva sijoituksen vastaanottaja riippumatta h\u00e4nen edustamansa yhdistyksen kotipaikasta. Useamman omistajan koira kilpailee sen kennelpiirin mestaruudesta, jonne se on p\u00e4\u00e4asiassa sijoitettu. Koira voi kilpailla vuosittain vain yhden kennelpiirin mestaruudesta.<\/p>\n\n\n\n<p><strong>4 \u00a7 Tiedottaminen<\/strong><\/p>\n\n\n\n<p>PM-kokeen karsinnoista ja PM-kokeesta tiedotetaan koekalenterissa ja eri tiedotusv\u00e4lineiss\u00e4. (Yhdistysten tapahtumakalenterit, kotisivut jne.)<\/p>\n\n\n\n<p><strong>5 \u00a7 Lohkojen karsintakokeet<\/strong><\/p>\n\n\n\n<p>Kennelpiirin ajokoirajaosto valitsee kev\u00e4tkokouksessaan lohkojen yhteyshenkil\u00f6t, jotka huolehtivat lohkoissaan, ett\u00e4 lohkokarsinnat j\u00e4rjestet\u00e4\u00e4n.<\/p>\n\n\n\n<p><strong>6 \u00a7 Karsintakokeen osanottomaksu<\/strong><\/p>\n\n\n\n<p>Lohkokarsinakokeiden osanottomaksun m\u00e4\u00e4r\u00e4\u00e4 kennelpiirin ajokoirajaosto. Osanottomaksuun sis\u00e4ltyy my\u00f6s ruoka. Osanottomaksun on peitett\u00e4v\u00e4 kokeen kustannukset.<\/p>\n\n\n\n<p><strong>7 \u00a7 Valintaperusteet lohkoista<\/strong><\/p>\n\n\n\n<p>Piirinmestaruuskokeisiin osallistuvien koirien lukum\u00e4\u00e4r\u00e4n muodostuminen lohkoissa: Karsintakokeisiin osallistuvien koirien lukum\u00e4\u00e4r\u00e4 jaettuna kahdellatoista (12), eli piirinmestaruuskokeeseen osallistuvien koirien lukum\u00e4\u00e4r\u00e4ll\u00e4 (ilman edellisen vuoden piirinmestaria). N\u00e4in saatu suhdeluku toimii lohkon koiram\u00e4\u00e4r\u00e4n jakajana. Mit\u00e4 useammin suhdeluku menee koiram\u00e4\u00e4r\u00e4\u00e4n, sit\u00e4 useampi koira lohkosta saa jatkopaikan. Tarvittaessa seuraavat paikat jaetaan tulosten murtoluvun suuruuden mukaan. Jos n\u00e4iss\u00e4 tulee tasatulos, osallistumisoikeus arvotaan. Arvonnan suorittaan ajokoirajaoston puheenjohtaja yhdess\u00e4 tasatulokseen p\u00e4\u00e4tyneiden lohkojen kokoonkutsujien kanssa.<\/p>\n\n\n\n<p><strong>ESIMERKKI<\/strong><\/p>\n\n\n\n<p>LOHKO &nbsp;&nbsp;&nbsp;&nbsp;&nbsp;&nbsp; KOIRIA &nbsp;&nbsp;&nbsp;&nbsp;&nbsp;&nbsp;&nbsp;&nbsp;&nbsp;&nbsp;&nbsp;&nbsp;&nbsp;&nbsp;&nbsp;&nbsp;&nbsp;&nbsp;&nbsp;&nbsp;&nbsp;&nbsp;&nbsp;&nbsp;&nbsp;&nbsp;&nbsp;&nbsp;&nbsp;&nbsp;&nbsp;&nbsp;&nbsp;&nbsp;&nbsp;&nbsp;&nbsp;&nbsp;&nbsp;&nbsp;&nbsp;&nbsp;&nbsp;&nbsp;&nbsp;&nbsp;&nbsp;&nbsp;&nbsp;&nbsp; Jatkoon koiria kpl<\/p>\n\n\n\n<p>Lohko A &nbsp;&nbsp;&nbsp;&nbsp;&nbsp; 9 &nbsp;&nbsp;&nbsp;&nbsp;&nbsp;&nbsp;&nbsp;&nbsp;&nbsp;&nbsp;&nbsp;&nbsp;&nbsp;&nbsp;&nbsp;&nbsp;&nbsp;&nbsp; &nbsp;9 \/ 1,83 =&nbsp;&nbsp; 4,92 &gt; 4+1&nbsp;&nbsp; &nbsp; &nbsp;&nbsp;&nbsp;&nbsp;&nbsp;&nbsp;&nbsp;&nbsp;&nbsp;&nbsp;&nbsp;&nbsp;&nbsp;&nbsp;&nbsp;&nbsp;&nbsp;&nbsp;&nbsp; <strong>5<\/strong><\/p>\n\n\n\n<p>Lohko B &nbsp;&nbsp;&nbsp;&nbsp;&nbsp; 7 &nbsp;&nbsp;&nbsp;&nbsp;&nbsp;&nbsp;&nbsp;&nbsp;&nbsp;&nbsp;&nbsp;&nbsp;&nbsp;&nbsp;&nbsp;&nbsp;&nbsp;&nbsp; &nbsp;7 \/ 1,83 =&nbsp;&nbsp; 3,83 &gt; 3+1&nbsp;&nbsp;&nbsp;&nbsp;&nbsp;&nbsp;&nbsp;&nbsp;&nbsp;&nbsp;&nbsp;&nbsp;&nbsp;&nbsp;&nbsp;&nbsp;&nbsp;&nbsp;&nbsp;&nbsp;&nbsp;&nbsp;&nbsp;&nbsp; <strong>4<\/strong><\/p>\n\n\n\n<p>Lohko C &nbsp;&nbsp;&nbsp;&nbsp;&nbsp; 6 &nbsp;&nbsp;&nbsp;&nbsp;&nbsp;&nbsp;&nbsp;&nbsp;&nbsp;&nbsp;&nbsp;&nbsp;&nbsp;&nbsp;&nbsp;&nbsp;&nbsp;&nbsp; &nbsp;6 \/ 1,83 =&nbsp;&nbsp;&nbsp; 3,28 &gt; 3&nbsp;&nbsp;&nbsp;&nbsp;&nbsp;&nbsp;&nbsp;&nbsp;&nbsp;&nbsp;&nbsp;&nbsp;&nbsp;&nbsp;&nbsp;&nbsp;&nbsp;&nbsp;&nbsp;&nbsp;&nbsp;&nbsp;&nbsp;&nbsp;&nbsp;&nbsp;&nbsp; <strong>3<\/strong>&nbsp;&nbsp;&nbsp;&nbsp;&nbsp;&nbsp;&nbsp;&nbsp;&nbsp;&nbsp;&nbsp;&nbsp;&nbsp;&nbsp;&nbsp;&nbsp;&nbsp;&nbsp;&nbsp;<\/p>\n\n\n\n<p>Yhteens\u00e4 koiria 22 :12 = 1,83 eli 1,83 on t\u00e4ss\u00e4 tapauksessa suhdeluku jota verrataan lohkon koiram\u00e4\u00e4r\u00e4\u00e4n.<\/p>\n\n\n\n<p><strong>8 \u00a7 Palkintotuomarit<\/strong><\/p>\n\n\n\n<p>Kennelpiirin ajokoirajaosto hyv\u00e4ksyy palkintotuomarit Piirinmestaruuskokeeseen.<\/p>\n\n\n\n<p><strong>9 \u00a7 Ylituomari<\/strong><\/p>\n\n\n\n<p>Lohkokarsinnan ylituomari voi olla omasta lohkosta. Piirinmestaruuskokeen ylituomari on pyritt\u00e4v\u00e4 saamaan Kennelpiirin ulkopuolelta.<\/p>\n\n\n\n<p><strong>10 \u00a7 Piirinmestaruuskokeen j\u00e4rjest\u00e4minen<\/strong><\/p>\n\n\n\n<p>Piirinmestaruuskokeen j\u00e4rjest\u00e4misest\u00e4 vastaa kennelpiiri, joka niin halutessaan voi antaa kokeen j\u00e4rjest\u00e4misteht\u00e4v\u00e4t jonkin alueensa yhdistyksen teht\u00e4v\u00e4ksi. Piirinmestaruuskoe j\u00e4rjestet\u00e4\u00e4n v\u00e4hint\u00e4\u00e4n viikko ennen Kilpa-ottelun lohkovalintakoetta (Id\u00e4nlohko). Koe pidet\u00e4\u00e4n yksip\u00e4iv\u00e4isen\u00e4 kokeena ja siihen saavat osallistu ne karsintalohkoista 7 \u00a7 mukaan selviytyneet kaksitoista (12) koiraa sek\u00e4 edellisen vuoden piirinmestari. PM-kokeiden pitopaikkaa voidaan vuorotella mahdollisuuksien mukaan eri karsintalohkojen kesken.<\/p>\n\n\n\n<p><strong>11 \u00a7 Piirinmestaruuskokeen osanottomaksu<\/strong><\/p>\n\n\n\n<p>Piirinmestaruuskokeen osanottomaksun m\u00e4\u00e4r\u00e4\u00e4 Kennelpiirin ajokoirajaosto. Osanottomaksuun sis\u00e4ltyy my\u00f6skin ruoka. Majoittumisesta voidaan peri\u00e4 erillinen korvaus.<\/p>\n","protected":false},"excerpt":{"rendered":"<p>KESKI-SUOMEN KENNELPIIRI HYV\u00c4KSYTTY KESKI-SUOMEN KENNELPIIRIN HALLITUKSESSA 25.01.2022 VOIMASSA 1.9.2022 ALKAEN AJOKOKEIDEN PIIRINMESTARUUSKOKEEN JA LOHKOKARSINTOJEN J\u00c4RJEST\u00c4MISOHJEET 1 \u00a7 Lohkojako Etel\u00e4nlohko: J\u00e4ms\u00e4, Keuruu, Luhanka, Joutsa, Hankasalmi, Jyv\u00e4skyl\u00e4, Leivonm\u00e4ki, Muurame, Toivakka, Uurainen, Pet\u00e4j\u00e4vesi ja Multia \u00c4\u00e4nekosken lohko: Konnevesi, Saarij\u00e4rvi, \u00c4\u00e4nekoski ja Laukaa. Pohjoisen &hellip; <a class=\"more-link\" href=\"https:\/\/www.keski-suomenajokoirayhdistys.org\/?page_id=1189\">Continue reading <span class=\"meta-nav\">&rarr;<\/span><\/a><\/p>\n","protected":false},"author":3,"featured_media":0,"parent":0,"menu_order":5,"comment_status":"closed","ping_status":"closed","template":"","meta":{"footnotes":""},"class_list":["post-1189","page","type-page","status-publish","hentry"],"_links":{"self":[{"href":"https:\/\/www.keski-suomenajokoirayhdistys.org\/index.php?rest_route=\/wp\/v2\/pages\/1189","targetHints":{"allow":["GET"]}}],"collection":[{"href":"https:\/\/www.keski-suomenajokoirayhdistys.org\/index.php?rest_route=\/wp\/v2\/pages"}],"about":[{"href":"https:\/\/www.keski-suomenajokoirayhdistys.org\/index.php?rest_route=\/wp\/v2\/types\/page"}],"author":[{"embeddable":true,"href":"https:\/\/www.keski-suomenajokoirayhdistys.org\/index.php?rest_route=\/wp\/v2\/users\/3"}],"replies":[{"embeddable":true,"href":"https:\/\/www.keski-suomenajokoirayhdistys.org\/index.php?rest_route=%2Fwp%2Fv2%2Fcomments&post=1189"}],"version-history":[{"count":2,"href":"https:\/\/www.keski-suomenajokoirayhdistys.org\/index.php?rest_route=\/wp\/v2\/pages\/1189\/revisions"}],"predecessor-version":[{"id":1264,"href":"https:\/\/www.keski-suomenajokoirayhdistys.org\/index.php?rest_route=\/wp\/v2\/pages\/1189\/revisions\/1264"}],"wp:attachment":[{"href":"https:\/\/www.keski-suomenajokoirayhdistys.org\/index.php?rest_route=%2Fwp%2Fv2%2Fmedia&parent=1189"}],"curies":[{"name":"wp","href":"https:\/\/api.w.org\/{rel}","templated":true}]}}