{"id":13,"date":"2012-06-05T12:41:38","date_gmt":"2012-06-05T12:41:38","guid":{"rendered":"http:\/\/www.keski-suomenajokoirayhdistys.org\/?page_id=13"},"modified":"2025-09-15T14:19:51","modified_gmt":"2025-09-15T11:19:51","slug":"kurssit","status":"publish","type":"page","link":"https:\/\/www.keski-suomenajokoirayhdistys.org\/?page_id=13","title":{"rendered":"Kurssit"},"content":{"rendered":"<h3>TULEVAT KURSSIT AJOK<\/h3>\n<p>&#8211;<\/p>\n<p>\u00a0<\/p>\n<h3>TULEVAT KURSSIT KEAJ<\/h3>\n<p><span style=\"text-decoration: underline;\"><strong>1.10.2025 Palkintotuomarikurssi (perus ja jatko)<\/strong><\/span><\/p>\n<p>Paikka: Uurainen (oikari. oikarintie 62 41120 kuikka)<\/p>\n<p>Kurssityyppi: Palkintotuomarikurssi (perus ja jatko)<\/p>\n<p>Kurssimuoto: Perinteinen kurssi<\/p>\n<p>Koemuoto: KEAJ<\/p>\n<p>J\u00e4rjest\u00e4j\u00e4: KESKI-SUOMEN AJOKOIRAYHDISTYS RY<\/p>\n<p>Ilmoittautuminen: Kurssille otetaan 20 henkil\u00f6\u00e4.<\/p>\n<p>Ilmoittautumisen vastaanottaja: Leinonen Tarmo, puh. 0400-648 464 tarmo.leinonen9@gmail.com<\/p>\n<p>Kurssin johtaja: Leinonen Tarmo<\/p>\n<p>Lis\u00e4tiedot: KEAJ PUOLEN TUOMARI KURSSI ALKAEN KLO 18<\/p>\n\n\n<p><\/p>\n","protected":false},"excerpt":{"rendered":"<p>TULEVAT KURSSIT AJOK &#8211; \u00a0 TULEVAT KURSSIT KEAJ 1.10.2025 Palkintotuomarikurssi (perus ja jatko) Paikka: Uurainen (oikari. oikarintie 62 41120 kuikka) Kurssityyppi: Palkintotuomarikurssi (perus ja jatko) Kurssimuoto: Perinteinen kurssi Koemuoto: KEAJ J\u00e4rjest\u00e4j\u00e4: KESKI-SUOMEN AJOKOIRAYHDISTYS RY Ilmoittautuminen: Kurssille otetaan 20 henkil\u00f6\u00e4. Ilmoittautumisen &hellip; <a class=\"more-link\" href=\"https:\/\/www.keski-suomenajokoirayhdistys.org\/?page_id=13\">Continue reading <span class=\"meta-nav\">&rarr;<\/span><\/a><\/p>\n","protected":false},"author":1,"featured_media":0,"parent":0,"menu_order":3,"comment_status":"closed","ping_status":"closed","template":"","meta":{"footnotes":""},"class_list":["post-13","page","type-page","status-publish","hentry"],"_links":{"self":[{"href":"https:\/\/www.keski-suomenajokoirayhdistys.org\/index.php?rest_route=\/wp\/v2\/pages\/13","targetHints":{"allow":["GET"]}}],"collection":[{"href":"https:\/\/www.keski-suomenajokoirayhdistys.org\/index.php?rest_route=\/wp\/v2\/pages"}],"about":[{"href":"https:\/\/www.keski-suomenajokoirayhdistys.org\/index.php?rest_route=\/wp\/v2\/types\/page"}],"author":[{"embeddable":true,"href":"https:\/\/www.keski-suomenajokoirayhdistys.org\/index.php?rest_route=\/wp\/v2\/users\/1"}],"replies":[{"embeddable":true,"href":"https:\/\/www.keski-suomenajokoirayhdistys.org\/index.php?rest_route=%2Fwp%2Fv2%2Fcomments&post=13"}],"version-history":[{"count":29,"href":"https:\/\/www.keski-suomenajokoirayhdistys.org\/index.php?rest_route=\/wp\/v2\/pages\/13\/revisions"}],"predecessor-version":[{"id":1375,"href":"https:\/\/www.keski-suomenajokoirayhdistys.org\/index.php?rest_route=\/wp\/v2\/pages\/13\/revisions\/1375"}],"wp:attachment":[{"href":"https:\/\/www.keski-suomenajokoirayhdistys.org\/index.php?rest_route=%2Fwp%2Fv2%2Fmedia&parent=13"}],"curies":[{"name":"wp","href":"https:\/\/api.w.org\/{rel}","templated":true}]}}