{"id":174,"date":"2012-11-04T22:19:24","date_gmt":"2012-11-04T19:19:24","guid":{"rendered":"http:\/\/www.keski-suomenajokoirayhdistys.org\/?page_id=174"},"modified":"2025-09-24T18:15:45","modified_gmt":"2025-09-24T15:15:45","slug":"jaseneksi","status":"publish","type":"page","link":"https:\/\/www.keski-suomenajokoirayhdistys.org\/?page_id=174","title":{"rendered":"J\u00e4seneksi"},"content":{"rendered":"<p>Halutessasi liitty\u00e4 Keski-Suomen Ajokoirayhdistyksen j\u00e4seneksi, l\u00e4het\u00e4 nimi, osoite, s\u00e4hk\u00f6postiosoite, puhelinnumero, syntym\u00e4aikasi ja mahdolliset tuomarioikeudet (jos haluat saada ne yhdistyksen julkaisuihin n\u00e4kyviin) s\u00e4hk\u00f6postilla ksajok.jasensihteeri@gmail.com tai soita vastaavat tiedot<\/p>\n<p>040-5164283<\/p>\n<p>J\u00e4sensihteeri l\u00e4hett\u00e4\u00e4 sinulle postitse pankkisiirron tai s\u00e4hk\u00f6postilla j\u00e4senmaksun suorittamista varten sek\u00e4 tapahtumakalenterin.<\/p>\n","protected":false},"excerpt":{"rendered":"<p>Halutessasi liitty\u00e4 Keski-Suomen Ajokoirayhdistyksen j\u00e4seneksi, l\u00e4het\u00e4 nimi, osoite, s\u00e4hk\u00f6postiosoite, puhelinnumero, syntym\u00e4aikasi ja mahdolliset tuomarioikeudet (jos haluat saada ne yhdistyksen julkaisuihin n\u00e4kyviin) s\u00e4hk\u00f6postilla ksajok.jasensihteeri@gmail.com tai soita vastaavat tiedot 040-5164283 J\u00e4sensihteeri l\u00e4hett\u00e4\u00e4 sinulle postitse pankkisiirron tai s\u00e4hk\u00f6postilla j\u00e4senmaksun suorittamista varten sek\u00e4 tapahtumakalenterin.<\/p>\n","protected":false},"author":1,"featured_media":0,"parent":85,"menu_order":2,"comment_status":"closed","ping_status":"closed","template":"","meta":{"footnotes":""},"class_list":["post-174","page","type-page","status-publish","hentry"],"_links":{"self":[{"href":"https:\/\/www.keski-suomenajokoirayhdistys.org\/index.php?rest_route=\/wp\/v2\/pages\/174","targetHints":{"allow":["GET"]}}],"collection":[{"href":"https:\/\/www.keski-suomenajokoirayhdistys.org\/index.php?rest_route=\/wp\/v2\/pages"}],"about":[{"href":"https:\/\/www.keski-suomenajokoirayhdistys.org\/index.php?rest_route=\/wp\/v2\/types\/page"}],"author":[{"embeddable":true,"href":"https:\/\/www.keski-suomenajokoirayhdistys.org\/index.php?rest_route=\/wp\/v2\/users\/1"}],"replies":[{"embeddable":true,"href":"https:\/\/www.keski-suomenajokoirayhdistys.org\/index.php?rest_route=%2Fwp%2Fv2%2Fcomments&post=174"}],"version-history":[{"count":7,"href":"https:\/\/www.keski-suomenajokoirayhdistys.org\/index.php?rest_route=\/wp\/v2\/pages\/174\/revisions"}],"predecessor-version":[{"id":1381,"href":"https:\/\/www.keski-suomenajokoirayhdistys.org\/index.php?rest_route=\/wp\/v2\/pages\/174\/revisions\/1381"}],"up":[{"embeddable":true,"href":"https:\/\/www.keski-suomenajokoirayhdistys.org\/index.php?rest_route=\/wp\/v2\/pages\/85"}],"wp:attachment":[{"href":"https:\/\/www.keski-suomenajokoirayhdistys.org\/index.php?rest_route=%2Fwp%2Fv2%2Fmedia&parent=174"}],"curies":[{"name":"wp","href":"https:\/\/api.w.org\/{rel}","templated":true}]}}