{"id":72,"date":"2012-06-05T18:47:39","date_gmt":"2012-06-05T15:47:39","guid":{"rendered":"http:\/\/www.keski-suomenajokoirayhdistys.org\/?page_id=72"},"modified":"2018-09-20T20:15:29","modified_gmt":"2018-09-20T17:15:29","slug":"vuoden-koira","status":"publish","type":"page","link":"https:\/\/www.keski-suomenajokoirayhdistys.org\/?page_id=72","title":{"rendered":"Vuoden koira"},"content":{"rendered":"<p><span style=\"font-family: Arial; font-size: x-small;\"><strong>1. KILPAILUN NIMI<br \/>\n<\/strong><br \/>\nKeski-Suomen Ajokoirayhdistys ry:n kilpailu \u201d VUODEN KOIRA\u201d j\u00e4niksen ajokokeissa kilpaileville suomenajokoirille ja<br \/>\n\u201d VUODEN KETTUKOIRA \u201d ketunajokokeissa kilpaileville suomenajokoirille.<\/span><\/p>\n<p><strong>2. PALKINTO JA KILPAILUAIKA<\/strong><\/p>\n<p>Yhdistyksen lahjoittamat palkinnot (pokaalit), joista Keski-Suomen Ajokoirayhdistys ry:n j\u00e4senten omistamat suomenajokoirat kilpailevat kalenterivuosittain erillisin\u00e4 kilpailuina j\u00e4niksen- ja ketunajokokeissa.<\/p>\n<p><strong>3. KILPAILUUN ILMOITTAUTUMINEN<\/strong><\/p>\n<p>Koiranomistajan tulee ilmoittaa koiransa tulokset kirjallisesti<br \/>\n15.1. menness\u00e4 yhdistyksen puheenjohtajalle. Ilmoituksessa on selvitt\u00e4v\u00e4, miss\u00e4 kokeessa ja \/ tai n\u00e4yttelyss\u00e4 (aika ja paikka) tulokset on saavutettu.<\/p>\n<p><strong>4. PISTELASKU<\/strong><br \/>\nPisteet lasketaan seuraavasti:<\/p>\n<p>J\u00e4niksen ajokokeet:<br \/>\nAJOK 1 5 p<br \/>\nAJOK 2 4 p<br \/>\nAJOK 3 3 p<\/p>\n<p>Ketunajokokeet:<br \/>\nKetunajokokeissa lasketaan ketunajokokeiden tulosten pisteet yhteen.<\/p>\n<p>N\u00e4yttelytulokset:<br \/>\nROP tai VSP 6 p<br \/>\nSERT 5 p<br \/>\nVara SERT 4 p<br \/>\nErinomainen 3 p<br \/>\nEritt\u00e4in hyv\u00e4 2 p<br \/>\nHyv\u00e4 1 p<\/p>\n<p><strong>5. \u201d VUODEN KOIRA \u201d PALKINTOJEN MY\u00d6NT\u00c4MINEN<\/strong><\/p>\n<p>J\u00e4niksenajokokeiden \u201d VUODEN KOIRA \u201d:<br \/>\nKilpailuun hyv\u00e4ksyt\u00e4\u00e4n enint\u00e4\u00e4n viisi (5) ajokoetulosta ja<br \/>\nyhden (1) n\u00e4yttelyn korkeimman pistem\u00e4\u00e4r\u00e4n antava tulos.<br \/>\nJos useampi koira on samalla pistem\u00e4\u00e4r\u00e4ll\u00e4, ratkaistaan<br \/>\n\u201d VUODEN KOIRA \u201d titteli seuraavasti:<br \/>\n1). Lasketaan ajokoetulokset yhteen ja pisteiden viel\u00e4kin ollessa tasan;<br \/>\n2). Ratkaisee koirien keskin\u00e4isen j\u00e4rjestyksen ajokokeiden korkein pistem\u00e4\u00e4r\u00e4.<\/p>\n<p>Ketunajokokeiden \u201d VUODEN KOIRA \u201d:<br \/>\nKilpailuun voi koiranomistaja ilmoittaa enint\u00e4\u00e4n kolmen (3)<br \/>\nketunajokokeen tulokset.<br \/>\nJos useampi koira on samalla pistem\u00e4\u00e4r\u00e4ll\u00e4, ratkaisee<br \/>\n\u201d VUODEN KETTUKOIRA \u201d tittelin korkein avoimen luokan tulos.<br \/>\n\u201d VUODEN KOIRA \u201dja\u201d VUODEN KETTUKOIRA \u201d tittelin voi saada vuosittain vain yksi (1) j\u00e4nis- ja kettukoira.<\/p>\n<p><strong>S\u00e4\u00e4nn\u00f6t on tarkistettu hallituksen kokouksessa 18.4.2004.<\/strong><\/p>\n","protected":false},"excerpt":{"rendered":"<p>1. KILPAILUN NIMI Keski-Suomen Ajokoirayhdistys ry:n kilpailu \u201d VUODEN KOIRA\u201d j\u00e4niksen ajokokeissa kilpaileville suomenajokoirille ja \u201d VUODEN KETTUKOIRA \u201d ketunajokokeissa kilpaileville suomenajokoirille. 2. PALKINTO JA KILPAILUAIKA Yhdistyksen lahjoittamat palkinnot (pokaalit), joista Keski-Suomen Ajokoirayhdistys ry:n j\u00e4senten omistamat suomenajokoirat kilpailevat kalenterivuosittain erillisin\u00e4 &hellip; <a class=\"more-link\" href=\"https:\/\/www.keski-suomenajokoirayhdistys.org\/?page_id=72\">Continue reading <span class=\"meta-nav\">&rarr;<\/span><\/a><\/p>\n","protected":false},"author":1,"featured_media":0,"parent":0,"menu_order":3,"comment_status":"closed","ping_status":"closed","template":"","meta":{"footnotes":""},"class_list":["post-72","page","type-page","status-publish","hentry"],"_links":{"self":[{"href":"https:\/\/www.keski-suomenajokoirayhdistys.org\/index.php?rest_route=\/wp\/v2\/pages\/72","targetHints":{"allow":["GET"]}}],"collection":[{"href":"https:\/\/www.keski-suomenajokoirayhdistys.org\/index.php?rest_route=\/wp\/v2\/pages"}],"about":[{"href":"https:\/\/www.keski-suomenajokoirayhdistys.org\/index.php?rest_route=\/wp\/v2\/types\/page"}],"author":[{"embeddable":true,"href":"https:\/\/www.keski-suomenajokoirayhdistys.org\/index.php?rest_route=\/wp\/v2\/users\/1"}],"replies":[{"embeddable":true,"href":"https:\/\/www.keski-suomenajokoirayhdistys.org\/index.php?rest_route=%2Fwp%2Fv2%2Fcomments&post=72"}],"version-history":[{"count":4,"href":"https:\/\/www.keski-suomenajokoirayhdistys.org\/index.php?rest_route=\/wp\/v2\/pages\/72\/revisions"}],"predecessor-version":[{"id":98,"href":"https:\/\/www.keski-suomenajokoirayhdistys.org\/index.php?rest_route=\/wp\/v2\/pages\/72\/revisions\/98"}],"wp:attachment":[{"href":"https:\/\/www.keski-suomenajokoirayhdistys.org\/index.php?rest_route=%2Fwp%2Fv2%2Fmedia&parent=72"}],"curies":[{"name":"wp","href":"https:\/\/api.w.org\/{rel}","templated":true}]}}