{"id":85,"date":"2012-06-05T18:53:01","date_gmt":"2012-06-05T15:53:01","guid":{"rendered":"http:\/\/www.keski-suomenajokoirayhdistys.org\/?page_id=85"},"modified":"2025-03-18T16:47:55","modified_gmt":"2025-03-18T13:47:55","slug":"yhdistys","status":"publish","type":"page","link":"https:\/\/www.keski-suomenajokoirayhdistys.org\/?page_id=85","title":{"rendered":"Yhdistys"},"content":{"rendered":"<p>Yhdistys on maakunnallinen Suomen Ajokoiraj\u00e4rjest\u00f6n ja Suomen Kennelliiton alainen rotuyhdistys, joka on toiminut ajokoiraharrastajien yhdyssiteen\u00e4 Keski-Suomessa jo vuodesta 1967 alkaen.<\/p>\n<p>J\u00e4rjest\u00e4mme vuosittain useita palkintotuomarikursseja ja ajokokeita sek\u00e4 muita vapaa-ajan tapahtumia edist\u00e4\u00e4ksemme ajokoiraharrastusta Keski-Suomessa. Vuosittain palkitaan Vuoden Koira, Vuoden Kettukoira, Vuoden N\u00e4yttelykoira sek\u00e4 muita ansioituneita.<\/p>\n<p>Vuoden 2023 lopussa meill\u00e4 oli 226 j\u00e4sent\u00e4. J\u00e4senmaksumme on vuosi-j\u00e4senilt\u00e4 25 \u20ac, perhej\u00e4senilt\u00e4 10 \u20ac ja ainaisj\u00e4senilt\u00e4 200 \u20ac. Kun liityt j\u00e4seneksi, ota yhteys j\u00e4sensihteeriin, jotta saat oman henkil\u00f6kohtaisen viite-\/j\u00e4sennumeron ja osoitteesi tallentuu j\u00e4senrekisteriin.<\/p>\n<p>Olemme omistaneet Uuraisilla sijaitsevan Oikarin tilan vuodesta 1995. Oikaria on kunnostettu (ja remontoidaan jatkuvasti) koiraharrastajien tarpeet huomioiden. Siit\u00e4 onkin tullut suosittu kurssien ja leirien pitopaikka muitakin rotuja harrastavien kerhojen keskuudessa.<\/p>\n","protected":false},"excerpt":{"rendered":"<p>Yhdistys on maakunnallinen Suomen Ajokoiraj\u00e4rjest\u00f6n ja Suomen Kennelliiton alainen rotuyhdistys, joka on toiminut ajokoiraharrastajien yhdyssiteen\u00e4 Keski-Suomessa jo vuodesta 1967 alkaen. J\u00e4rjest\u00e4mme vuosittain useita palkintotuomarikursseja ja ajokokeita sek\u00e4 muita vapaa-ajan tapahtumia edist\u00e4\u00e4ksemme ajokoiraharrastusta Keski-Suomessa. Vuosittain palkitaan Vuoden Koira, Vuoden Kettukoira, Vuoden &hellip; <a class=\"more-link\" href=\"https:\/\/www.keski-suomenajokoirayhdistys.org\/?page_id=85\">Continue reading <span class=\"meta-nav\">&rarr;<\/span><\/a><\/p>\n","protected":false},"author":1,"featured_media":0,"parent":0,"menu_order":1,"comment_status":"closed","ping_status":"closed","template":"","meta":{"footnotes":""},"class_list":["post-85","page","type-page","status-publish","hentry"],"_links":{"self":[{"href":"https:\/\/www.keski-suomenajokoirayhdistys.org\/index.php?rest_route=\/wp\/v2\/pages\/85","targetHints":{"allow":["GET"]}}],"collection":[{"href":"https:\/\/www.keski-suomenajokoirayhdistys.org\/index.php?rest_route=\/wp\/v2\/pages"}],"about":[{"href":"https:\/\/www.keski-suomenajokoirayhdistys.org\/index.php?rest_route=\/wp\/v2\/types\/page"}],"author":[{"embeddable":true,"href":"https:\/\/www.keski-suomenajokoirayhdistys.org\/index.php?rest_route=\/wp\/v2\/users\/1"}],"replies":[{"embeddable":true,"href":"https:\/\/www.keski-suomenajokoirayhdistys.org\/index.php?rest_route=%2Fwp%2Fv2%2Fcomments&post=85"}],"version-history":[{"count":8,"href":"https:\/\/www.keski-suomenajokoirayhdistys.org\/index.php?rest_route=\/wp\/v2\/pages\/85\/revisions"}],"predecessor-version":[{"id":1352,"href":"https:\/\/www.keski-suomenajokoirayhdistys.org\/index.php?rest_route=\/wp\/v2\/pages\/85\/revisions\/1352"}],"wp:attachment":[{"href":"https:\/\/www.keski-suomenajokoirayhdistys.org\/index.php?rest_route=%2Fwp%2Fv2%2Fmedia&parent=85"}],"curies":[{"name":"wp","href":"https:\/\/api.w.org\/{rel}","templated":true}]}}